{"id":2,"date":"2024-06-03T23:35:50","date_gmt":"2024-06-03T21:35:50","guid":{"rendered":"https:\/\/www.fotozbierky.eu\/?page_id=2"},"modified":"2024-08-04T09:55:39","modified_gmt":"2024-08-04T07:55:39","slug":"ukazkova-stranka","status":"publish","type":"page","link":"https:\/\/www.fotozbierky.eu\/index.php\/ukazkova-stranka\/","title":{"rendered":"FOTOZBIERKY"},"content":{"rendered":"\n<p><\/p>\n\n\n\n<p><\/p>\n\n\n\n<blockquote class=\"wp-block-quote is-layout-flow wp-block-quote-is-layout-flow\">\n<p>T\u00e1to str\u00e1nka je moment\u00e1lne e\u0161te len vo v\u00fdstavbe \ud83d\ude42 <\/p>\n<\/blockquote>\n\n\n\n<p><\/p>\n\n\n\n<blockquote class=\"wp-block-quote is-layout-flow wp-block-quote-is-layout-flow\">\n<p><\/p>\n<\/blockquote>\n\n\n\n<p>Ako nov\u00fd pou\u017e\u00edvate\u013e WordPress m\u00f4\u017eete prejs\u0165 na  <a href=\"https:\/\/www.fotozbierky.eu\/wp-admin\/\">va\u0161u n\u00e1stenku<\/a>, zmaza\u0165 t\u00fato str\u00e1nku a vytvori\u0165 nov\u00e9 str\u00e1nky pre v\u00e1\u0161 obsah. Bavte sa!<\/p>\n","protected":false},"excerpt":{"rendered":"<p>T\u00e1to str\u00e1nka je moment\u00e1lne e\u0161te len vo v\u00fdstavbe \ud83d\ude42 Ako nov\u00fd pou\u017e\u00edvate\u013e WordPress m\u00f4\u017eete prejs\u0165 na va\u0161u n\u00e1stenku, zmaza\u0165 t\u00fato str\u00e1nku a vytvori\u0165 nov\u00e9 str\u00e1nky pre v\u00e1\u0161 obsah. Bavte sa!<\/p>\n","protected":false},"author":1,"featured_media":0,"parent":0,"menu_order":0,"comment_status":"closed","ping_status":"closed","template":"","meta":{"ngg_post_thumbnail":0,"footnotes":""},"class_list":["post-2","page","type-page","status-publish","hentry"],"_links":{"self":[{"href":"https:\/\/www.fotozbierky.eu\/index.php\/wp-json\/wp\/v2\/pages\/2","targetHints":{"allow":["GET"]}}],"collection":[{"href":"https:\/\/www.fotozbierky.eu\/index.php\/wp-json\/wp\/v2\/pages"}],"about":[{"href":"https:\/\/www.fotozbierky.eu\/index.php\/wp-json\/wp\/v2\/types\/page"}],"author":[{"embeddable":true,"href":"https:\/\/www.fotozbierky.eu\/index.php\/wp-json\/wp\/v2\/users\/1"}],"replies":[{"embeddable":true,"href":"https:\/\/www.fotozbierky.eu\/index.php\/wp-json\/wp\/v2\/comments?post=2"}],"version-history":[{"count":3,"href":"https:\/\/www.fotozbierky.eu\/index.php\/wp-json\/wp\/v2\/pages\/2\/revisions"}],"predecessor-version":[{"id":36,"href":"https:\/\/www.fotozbierky.eu\/index.php\/wp-json\/wp\/v2\/pages\/2\/revisions\/36"}],"wp:attachment":[{"href":"https:\/\/www.fotozbierky.eu\/index.php\/wp-json\/wp\/v2\/media?parent=2"}],"curies":[{"name":"wp","href":"https:\/\/api.w.org\/{rel}","templated":true}]}}